{"id":866,"date":"2021-02-14T18:05:17","date_gmt":"2021-02-14T16:05:17","guid":{"rendered":"https:\/\/byggbotnia.fi\/?page_id=866"},"modified":"2021-02-14T18:09:23","modified_gmt":"2021-02-14T16:09:23","slug":"laserskanning","status":"publish","type":"page","link":"https:\/\/byggbotnia.fi\/fi\/laserskanning\/","title":{"rendered":"Laserskannaus"},"content":{"rendered":"<div data-elementor-type=\"wp-page\" data-elementor-id=\"866\" class=\"elementor elementor-866\">\n\t\t\t\t\t\t<section class=\"elementor-section elementor-top-section elementor-element elementor-element-1c445e9c elementor-section-content-middle elementor-section-boxed elementor-section-height-default elementor-section-height-default\" data-id=\"1c445e9c\" data-element_type=\"section\" data-e-type=\"section\" data-settings=\"{&quot;background_background&quot;:&quot;classic&quot;}\">\n\t\t\t\t\t\t<div class=\"elementor-container elementor-column-gap-no\">\n\t\t\t\t\t<div class=\"elementor-column elementor-col-100 elementor-top-column elementor-element elementor-element-33487337\" data-id=\"33487337\" data-element_type=\"column\" data-e-type=\"column\">\n\t\t\t<div class=\"elementor-widget-wrap elementor-element-populated\">\n\t\t\t\t\t\t<div class=\"elementor-element elementor-element-4a742438 elementor-widget elementor-widget-heading\" data-id=\"4a742438\" data-element_type=\"widget\" data-e-type=\"widget\" data-widget_type=\"heading.default\">\n\t\t\t\t<div class=\"elementor-widget-container\">\n\t\t\t\t\t<h2 class=\"elementor-heading-title elementor-size-default\">Laserskannaus<\/h2>\t\t\t\t<\/div>\n\t\t\t\t<\/div>\n\t\t\t\t<div class=\"elementor-element elementor-element-19ffc07 elementor-widget elementor-widget-text-editor\" data-id=\"19ffc07\" data-element_type=\"widget\" data-e-type=\"widget\" data-widget_type=\"text-editor.default\">\n\t\t\t\t<div class=\"elementor-widget-container\">\n\t\t\t\t\t\t\t\t\t<p>Det blir alltmera vanligt att man anv\u00e4nder s\u00e5 kallade punktmoln i planeringen. Ett punktmoln \u00e4r en massiv samling av enbart punkter. Varje punkt har en x-, y-, z-koordinat och kan dessutom inneh\u00e5lla f\u00e4rg och bilder. Alla dessa punkter avbildar en mycket detaljerad 3D-modell som g\u00e5r att m\u00e4ta ur.<\/p><p>Denna teknologi \u00e4r mycket anv\u00e4ndbar f\u00f6r att m\u00e4ta in gamla byggnader med som saknar befintliga ritningar. V\u00e5r laserskannare, Leica BLK 360 kan \u00e4ven ta v\u00e4rmefotografi-bilder som ger oss information om eventuella luftl\u00e4ckagen i byggnaden tillsammans med skanningen.<\/p><p>Till dig som kund erbjuder vi dig att g\u00e5 in och titta p\u00e5 resultatet fr\u00e5n skanningen via v\u00e5r webtj\u00e4nst Potree. Denna tj\u00e4nst kan du anv\u00e4nda om du \u00e4r intresserad att m\u00e4ta enkla areor, volym och avst\u00e5nd eller bara \u00e4r intresserad av 3D-modellen.<\/p>\t\t\t\t\t\t\t\t<\/div>\n\t\t\t\t<\/div>\n\t\t\t\t\t<\/div>\n\t\t<\/div>\n\t\t\t\t\t<\/div>\n\t\t<\/section>\n\t\t\t\t<\/div>","protected":false},"excerpt":{"rendered":"<p>Laserskanning Det blir alltmera vanligt att man anv\u00e4nder s\u00e5 kallade punktmoln i planeringen. Ett punktmoln \u00e4r en massiv samling av enbart punkter. Varje punkt har en x-, y-, z-koordinat och kan dessutom inneh\u00e5lla f\u00e4rg och bilder. Alla dessa punkter avbildar en mycket detaljerad 3D-modell som g\u00e5r att m\u00e4ta ur. Denna teknologi \u00e4r mycket anv\u00e4ndbar f\u00f6r [&hellip;]<\/p>\n","protected":false},"author":1,"featured_media":0,"parent":0,"menu_order":0,"comment_status":"closed","ping_status":"closed","template":"","meta":{"_monsterinsights_skip_tracking":false,"_monsterinsights_sitenote_active":false,"_monsterinsights_sitenote_note":"","_monsterinsights_sitenote_category":0,"site-sidebar-layout":"no-sidebar","site-content-layout":"page-builder","ast-site-content-layout":"default","site-content-style":"default","site-sidebar-style":"default","ast-global-header-display":"","ast-banner-title-visibility":"","ast-main-header-display":"","ast-hfb-above-header-display":"","ast-hfb-below-header-display":"","ast-hfb-mobile-header-display":"","site-post-title":"disabled","ast-breadcrumbs-content":"","ast-featured-img":"disabled","footer-sml-layout":"","ast-disable-related-posts":"","theme-transparent-header-meta":"default","adv-header-id-meta":"","stick-header-meta":"","header-above-stick-meta":"","header-main-stick-meta":"","header-below-stick-meta":"","astra-migrate-meta-layouts":"default","ast-page-background-enabled":"default","ast-page-background-meta":{"desktop":{"background-color":"","background-image":"","background-repeat":"repeat","background-position":"center center","background-size":"auto","background-attachment":"scroll","background-type":"","background-media":"","overlay-type":"","overlay-color":"","overlay-opacity":"","overlay-gradient":""},"tablet":{"background-color":"","background-image":"","background-repeat":"repeat","background-position":"center center","background-size":"auto","background-attachment":"scroll","background-type":"","background-media":"","overlay-type":"","overlay-color":"","overlay-opacity":"","overlay-gradient":""},"mobile":{"background-color":"","background-image":"","background-repeat":"repeat","background-position":"center center","background-size":"auto","background-attachment":"scroll","background-type":"","background-media":"","overlay-type":"","overlay-color":"","overlay-opacity":"","overlay-gradient":""}},"ast-content-background-meta":{"desktop":{"background-color":"var(--ast-global-color-5)","background-image":"","background-repeat":"repeat","background-position":"center center","background-size":"auto","background-attachment":"scroll","background-type":"","background-media":"","overlay-type":"","overlay-color":"","overlay-opacity":"","overlay-gradient":""},"tablet":{"background-color":"var(--ast-global-color-5)","background-image":"","background-repeat":"repeat","background-position":"center center","background-size":"auto","background-attachment":"scroll","background-type":"","background-media":"","overlay-type":"","overlay-color":"","overlay-opacity":"","overlay-gradient":""},"mobile":{"background-color":"var(--ast-global-color-5)","background-image":"","background-repeat":"repeat","background-position":"center center","background-size":"auto","background-attachment":"scroll","background-type":"","background-media":"","overlay-type":"","overlay-color":"","overlay-opacity":"","overlay-gradient":""}},"footnotes":""},"class_list":["post-866","page","type-page","status-publish","hentry"],"aioseo_notices":[],"_links":{"self":[{"href":"https:\/\/byggbotnia.fi\/fi\/wp-json\/wp\/v2\/pages\/866","targetHints":{"allow":["GET"]}}],"collection":[{"href":"https:\/\/byggbotnia.fi\/fi\/wp-json\/wp\/v2\/pages"}],"about":[{"href":"https:\/\/byggbotnia.fi\/fi\/wp-json\/wp\/v2\/types\/page"}],"author":[{"embeddable":true,"href":"https:\/\/byggbotnia.fi\/fi\/wp-json\/wp\/v2\/users\/1"}],"replies":[{"embeddable":true,"href":"https:\/\/byggbotnia.fi\/fi\/wp-json\/wp\/v2\/comments?post=866"}],"version-history":[{"count":4,"href":"https:\/\/byggbotnia.fi\/fi\/wp-json\/wp\/v2\/pages\/866\/revisions"}],"predecessor-version":[{"id":870,"href":"https:\/\/byggbotnia.fi\/fi\/wp-json\/wp\/v2\/pages\/866\/revisions\/870"}],"wp:attachment":[{"href":"https:\/\/byggbotnia.fi\/fi\/wp-json\/wp\/v2\/media?parent=866"}],"curies":[{"name":"wp","href":"https:\/\/api.w.org\/{rel}","templated":true}]}}