{"id":819,"date":"2020-12-12T19:15:15","date_gmt":"2020-12-12T17:15:15","guid":{"rendered":"https:\/\/byggbotnia.fi\/?page_id=819"},"modified":"2020-12-12T19:15:45","modified_gmt":"2020-12-12T17:15:45","slug":"faltmatningar","status":"publish","type":"page","link":"https:\/\/byggbotnia.fi\/fi\/faltmatningar\/","title":{"rendered":"Kentt\u00e4mittaukset"},"content":{"rendered":"<div data-elementor-type=\"wp-page\" data-elementor-id=\"819\" class=\"elementor elementor-819\">\n\t\t\t\t\t\t<section class=\"elementor-section elementor-top-section elementor-element elementor-element-740aeba2 elementor-section-content-middle elementor-section-boxed elementor-section-height-default elementor-section-height-default\" data-id=\"740aeba2\" data-element_type=\"section\" data-e-type=\"section\" data-settings=\"{&quot;background_background&quot;:&quot;classic&quot;}\">\n\t\t\t\t\t\t<div class=\"elementor-container elementor-column-gap-no\">\n\t\t\t\t\t<div class=\"elementor-column elementor-col-50 elementor-top-column elementor-element elementor-element-54e1c0d5\" data-id=\"54e1c0d5\" data-element_type=\"column\" data-e-type=\"column\">\n\t\t\t<div class=\"elementor-widget-wrap elementor-element-populated\">\n\t\t\t\t\t\t<div class=\"elementor-element elementor-element-5b337344 elementor-widget elementor-widget-heading\" data-id=\"5b337344\" data-element_type=\"widget\" data-e-type=\"widget\" data-widget_type=\"heading.default\">\n\t\t\t\t<div class=\"elementor-widget-container\">\n\t\t\t\t\t<h2 class=\"elementor-heading-title elementor-size-default\">Kentt\u00e4mittaukset<\/h2>\t\t\t\t<\/div>\n\t\t\t\t<\/div>\n\t\t\t\t<div class=\"elementor-element elementor-element-452c66d6 elementor-widget elementor-widget-text-editor\" data-id=\"452c66d6\" data-element_type=\"widget\" data-e-type=\"widget\" data-widget_type=\"text-editor.default\">\n\t\t\t\t<div class=\"elementor-widget-container\">\n\t\t\t\t\t\t\t\t\t<p>B\u00e5de privatpersoner och f\u00f6retag har nytta av f\u00e4ltm\u00e4tningar. \u00c4r du privatperson som vill ha tomtr\u00f6sen, gr\u00e4nserna kollade? Eller \u00e4r ditt f\u00f6retag i behov av m\u00e4tdata f\u00f6r att kunna kalkylera material\u00e5tg\u00e5ng, volymer och s\u00e5 vidare? Vi kommer ut och m\u00e4ter p\u00e5 plats. V\u00e5ra instrument \u00e4r Trimble TSC7 GNSS-instrument och Leica Rugby CLA rotationslaser.<\/p>\t\t\t\t\t\t\t\t<\/div>\n\t\t\t\t<\/div>\n\t\t\t\t\t<\/div>\n\t\t<\/div>\n\t\t\t\t<div class=\"elementor-column elementor-col-50 elementor-top-column elementor-element elementor-element-2342b2c6\" data-id=\"2342b2c6\" data-element_type=\"column\" data-e-type=\"column\">\n\t\t\t<div class=\"elementor-widget-wrap elementor-element-populated\">\n\t\t\t\t\t\t<div class=\"elementor-element elementor-element-6121391c elementor-widget elementor-widget-image\" data-id=\"6121391c\" data-element_type=\"widget\" data-e-type=\"widget\" data-widget_type=\"image.default\">\n\t\t\t\t<div class=\"elementor-widget-container\">\n\t\t\t\t\t\t\t\t\t\t\t\t\t\t\t<img fetchpriority=\"high\" decoding=\"async\" width=\"1280\" height=\"960\" src=\"https:\/\/byggbotnia.fi\/wp-content\/uploads\/2020\/12\/construction-build-scaffold-1210677.jpg\" class=\"attachment-full size-full wp-image-799\" alt=\"construction, build, scaffold\" srcset=\"https:\/\/byggbotnia.fi\/wp-content\/uploads\/2020\/12\/construction-build-scaffold-1210677.jpg 1280w, https:\/\/byggbotnia.fi\/wp-content\/uploads\/2020\/12\/construction-build-scaffold-1210677-300x225.jpg 300w, https:\/\/byggbotnia.fi\/wp-content\/uploads\/2020\/12\/construction-build-scaffold-1210677-1024x768.jpg 1024w, https:\/\/byggbotnia.fi\/wp-content\/uploads\/2020\/12\/construction-build-scaffold-1210677-768x576.jpg 768w\" sizes=\"(max-width: 1280px) 100vw, 1280px\" \/>\t\t\t\t\t\t\t\t\t\t\t\t\t\t\t<\/div>\n\t\t\t\t<\/div>\n\t\t\t\t\t<\/div>\n\t\t<\/div>\n\t\t\t\t\t<\/div>\n\t\t<\/section>\n\t\t\t\t<\/div>","protected":false},"excerpt":{"rendered":"<p>F\u00e4ltm\u00e4tningar B\u00e5de privatpersoner och f\u00f6retag har nytta av f\u00e4ltm\u00e4tningar. \u00c4r du privatperson som vill ha tomtr\u00f6sen, gr\u00e4nserna kollade? Eller \u00e4r ditt f\u00f6retag i behov av m\u00e4tdata f\u00f6r att kunna kalkylera material\u00e5tg\u00e5ng, volymer och s\u00e5 vidare? Vi kommer ut och m\u00e4ter p\u00e5 plats. V\u00e5ra instrument \u00e4r Trimble TSC7 GNSS-instrument och Leica Rugby CLA rotationslaser.<\/p>","protected":false},"author":1,"featured_media":0,"parent":0,"menu_order":0,"comment_status":"closed","ping_status":"closed","template":"","meta":{"_monsterinsights_skip_tracking":false,"_monsterinsights_sitenote_active":false,"_monsterinsights_sitenote_note":"","_monsterinsights_sitenote_category":0,"site-sidebar-layout":"no-sidebar","site-content-layout":"page-builder","ast-site-content-layout":"default","site-content-style":"default","site-sidebar-style":"default","ast-global-header-display":"","ast-banner-title-visibility":"","ast-main-header-display":"","ast-hfb-above-header-display":"","ast-hfb-below-header-display":"","ast-hfb-mobile-header-display":"","site-post-title":"disabled","ast-breadcrumbs-content":"","ast-featured-img":"disabled","footer-sml-layout":"","ast-disable-related-posts":"","theme-transparent-header-meta":"default","adv-header-id-meta":"","stick-header-meta":"","header-above-stick-meta":"","header-main-stick-meta":"","header-below-stick-meta":"","astra-migrate-meta-layouts":"default","ast-page-background-enabled":"default","ast-page-background-meta":{"desktop":{"background-color":"","background-image":"","background-repeat":"repeat","background-position":"center center","background-size":"auto","background-attachment":"scroll","background-type":"","background-media":"","overlay-type":"","overlay-color":"","overlay-opacity":"","overlay-gradient":""},"tablet":{"background-color":"","background-image":"","background-repeat":"repeat","background-position":"center center","background-size":"auto","background-attachment":"scroll","background-type":"","background-media":"","overlay-type":"","overlay-color":"","overlay-opacity":"","overlay-gradient":""},"mobile":{"background-color":"","background-image":"","background-repeat":"repeat","background-position":"center center","background-size":"auto","background-attachment":"scroll","background-type":"","background-media":"","overlay-type":"","overlay-color":"","overlay-opacity":"","overlay-gradient":""}},"ast-content-background-meta":{"desktop":{"background-color":"var(--ast-global-color-5)","background-image":"","background-repeat":"repeat","background-position":"center center","background-size":"auto","background-attachment":"scroll","background-type":"","background-media":"","overlay-type":"","overlay-color":"","overlay-opacity":"","overlay-gradient":""},"tablet":{"background-color":"var(--ast-global-color-5)","background-image":"","background-repeat":"repeat","background-position":"center center","background-size":"auto","background-attachment":"scroll","background-type":"","background-media":"","overlay-type":"","overlay-color":"","overlay-opacity":"","overlay-gradient":""},"mobile":{"background-color":"var(--ast-global-color-5)","background-image":"","background-repeat":"repeat","background-position":"center center","background-size":"auto","background-attachment":"scroll","background-type":"","background-media":"","overlay-type":"","overlay-color":"","overlay-opacity":"","overlay-gradient":""}},"footnotes":""},"class_list":["post-819","page","type-page","status-publish","hentry"],"aioseo_notices":[],"_links":{"self":[{"href":"https:\/\/byggbotnia.fi\/fi\/wp-json\/wp\/v2\/pages\/819","targetHints":{"allow":["GET"]}}],"collection":[{"href":"https:\/\/byggbotnia.fi\/fi\/wp-json\/wp\/v2\/pages"}],"about":[{"href":"https:\/\/byggbotnia.fi\/fi\/wp-json\/wp\/v2\/types\/page"}],"author":[{"embeddable":true,"href":"https:\/\/byggbotnia.fi\/fi\/wp-json\/wp\/v2\/users\/1"}],"replies":[{"embeddable":true,"href":"https:\/\/byggbotnia.fi\/fi\/wp-json\/wp\/v2\/comments?post=819"}],"version-history":[{"count":4,"href":"https:\/\/byggbotnia.fi\/fi\/wp-json\/wp\/v2\/pages\/819\/revisions"}],"predecessor-version":[{"id":823,"href":"https:\/\/byggbotnia.fi\/fi\/wp-json\/wp\/v2\/pages\/819\/revisions\/823"}],"wp:attachment":[{"href":"https:\/\/byggbotnia.fi\/fi\/wp-json\/wp\/v2\/media?parent=819"}],"curies":[{"name":"wp","href":"https:\/\/api.w.org\/{rel}","templated":true}]}}