{"id":814,"date":"2020-12-12T19:13:32","date_gmt":"2020-12-12T17:13:32","guid":{"rendered":"https:\/\/byggbotnia.fi\/?page_id=814"},"modified":"2023-09-08T19:35:50","modified_gmt":"2023-09-08T16:35:50","slug":"elementplanering","status":"publish","type":"page","link":"https:\/\/byggbotnia.fi\/fi\/elementplanering\/","title":{"rendered":"Elementplanering"},"content":{"rendered":"<div data-elementor-type=\"wp-page\" data-elementor-id=\"814\" class=\"elementor elementor-814\">\n\t\t\t\t\t\t<section class=\"elementor-section elementor-top-section elementor-element elementor-element-40e4393f elementor-section-content-middle elementor-section-boxed elementor-section-height-default elementor-section-height-default\" data-id=\"40e4393f\" data-element_type=\"section\" data-e-type=\"section\" data-settings=\"{&quot;background_background&quot;:&quot;classic&quot;}\">\n\t\t\t\t\t\t<div class=\"elementor-container elementor-column-gap-no\">\n\t\t\t\t\t<div class=\"elementor-column elementor-col-25 elementor-top-column elementor-element elementor-element-2ef2dc8c\" data-id=\"2ef2dc8c\" data-element_type=\"column\" data-e-type=\"column\">\n\t\t\t<div class=\"elementor-widget-wrap elementor-element-populated\">\n\t\t\t\t\t\t<div class=\"elementor-element elementor-element-2ccb4df8 elementor-widget elementor-widget-heading\" data-id=\"2ccb4df8\" data-element_type=\"widget\" data-e-type=\"widget\" data-widget_type=\"heading.default\">\n\t\t\t\t<div class=\"elementor-widget-container\">\n\t\t\t\t\t<h2 class=\"elementor-heading-title elementor-size-default\">Elementplanering<\/h2>\t\t\t\t<\/div>\n\t\t\t\t<\/div>\n\t\t\t\t<div class=\"elementor-element elementor-element-4064169 elementor-widget elementor-widget-text-editor\" data-id=\"4064169\" data-element_type=\"widget\" data-e-type=\"widget\" data-widget_type=\"text-editor.default\">\n\t\t\t\t<div class=\"elementor-widget-container\">\n\t\t\t\t\t\t\t\t\t<p>Planeringen omfattar alla elementkonstruktioner fr\u00e5n sockel-, v\u00e4ggelement till pelare och balkar. Vi har bred erfarenhet av betongkonstruktioner. Bland annat har vi planerat betongelementen till fem-v\u00e5ningshus, kontorsbyggnader och hallar. Som hj\u00e4lp till planeringen anv\u00e4nder vi oss av BIM-modellering vilket g\u00f6r det m\u00f6jligt att se konstruktionen i 3D.<\/p>\t\t\t\t\t\t\t\t<\/div>\n\t\t\t\t<\/div>\n\t\t\t\t\t<\/div>\n\t\t<\/div>\n\t\t\t\t<div class=\"elementor-column elementor-col-25 elementor-top-column elementor-element elementor-element-2db6e586\" data-id=\"2db6e586\" data-element_type=\"column\" data-e-type=\"column\">\n\t\t\t<div class=\"elementor-widget-wrap elementor-element-populated\">\n\t\t\t\t\t\t<div class=\"elementor-element elementor-element-63d9905b elementor-widget elementor-widget-image\" data-id=\"63d9905b\" data-element_type=\"widget\" data-e-type=\"widget\" data-widget_type=\"image.default\">\n\t\t\t\t<div class=\"elementor-widget-container\">\n\t\t\t\t\t\t\t\t\t\t\t\t\t\t\t<img fetchpriority=\"high\" decoding=\"async\" width=\"768\" height=\"1024\" src=\"https:\/\/byggbotnia.fi\/wp-content\/uploads\/2023\/09\/20210609_100729-768x1024.jpg\" class=\"attachment-large size-large wp-image-1542\" alt=\"\" srcset=\"https:\/\/byggbotnia.fi\/wp-content\/uploads\/2023\/09\/20210609_100729-768x1024.jpg 768w, https:\/\/byggbotnia.fi\/wp-content\/uploads\/2023\/09\/20210609_100729-225x300.jpg 225w, https:\/\/byggbotnia.fi\/wp-content\/uploads\/2023\/09\/20210609_100729-1152x1536.jpg 1152w, https:\/\/byggbotnia.fi\/wp-content\/uploads\/2023\/09\/20210609_100729-1536x2048.jpg 1536w, https:\/\/byggbotnia.fi\/wp-content\/uploads\/2023\/09\/20210609_100729-9x12.jpg 9w, https:\/\/byggbotnia.fi\/wp-content\/uploads\/2023\/09\/20210609_100729-scaled.jpg 1920w\" sizes=\"(max-width: 768px) 100vw, 768px\" \/>\t\t\t\t\t\t\t\t\t\t\t\t\t\t\t<\/div>\n\t\t\t\t<\/div>\n\t\t\t\t\t<\/div>\n\t\t<\/div>\n\t\t\t\t<div class=\"elementor-column elementor-col-25 elementor-top-column elementor-element elementor-element-5ada23f\" data-id=\"5ada23f\" data-element_type=\"column\" data-e-type=\"column\">\n\t\t\t<div class=\"elementor-widget-wrap elementor-element-populated\">\n\t\t\t\t\t\t<div class=\"elementor-element elementor-element-01ade98 elementor-widget elementor-widget-image\" data-id=\"01ade98\" data-element_type=\"widget\" data-e-type=\"widget\" data-widget_type=\"image.default\">\n\t\t\t\t<div class=\"elementor-widget-container\">\n\t\t\t\t\t\t\t\t\t\t\t\t\t\t\t<img decoding=\"async\" width=\"768\" height=\"1024\" src=\"https:\/\/byggbotnia.fi\/wp-content\/uploads\/2023\/09\/20210521_113728-768x1024.jpg\" class=\"attachment-large size-large wp-image-1541\" alt=\"\" srcset=\"https:\/\/byggbotnia.fi\/wp-content\/uploads\/2023\/09\/20210521_113728-768x1024.jpg 768w, https:\/\/byggbotnia.fi\/wp-content\/uploads\/2023\/09\/20210521_113728-225x300.jpg 225w, https:\/\/byggbotnia.fi\/wp-content\/uploads\/2023\/09\/20210521_113728-1152x1536.jpg 1152w, https:\/\/byggbotnia.fi\/wp-content\/uploads\/2023\/09\/20210521_113728-1536x2048.jpg 1536w, https:\/\/byggbotnia.fi\/wp-content\/uploads\/2023\/09\/20210521_113728-9x12.jpg 9w, https:\/\/byggbotnia.fi\/wp-content\/uploads\/2023\/09\/20210521_113728-scaled.jpg 1920w\" sizes=\"(max-width: 768px) 100vw, 768px\" \/>\t\t\t\t\t\t\t\t\t\t\t\t\t\t\t<\/div>\n\t\t\t\t<\/div>\n\t\t\t\t\t<\/div>\n\t\t<\/div>\n\t\t\t\t<div class=\"elementor-column elementor-col-25 elementor-top-column elementor-element elementor-element-6d70a64\" data-id=\"6d70a64\" data-element_type=\"column\" data-e-type=\"column\">\n\t\t\t<div class=\"elementor-widget-wrap elementor-element-populated\">\n\t\t\t\t\t\t<div class=\"elementor-element elementor-element-87a290d elementor-widget elementor-widget-image\" data-id=\"87a290d\" data-element_type=\"widget\" data-e-type=\"widget\" data-widget_type=\"image.default\">\n\t\t\t\t<div class=\"elementor-widget-container\">\n\t\t\t\t\t\t\t\t\t\t\t\t\t\t\t<img decoding=\"async\" width=\"768\" height=\"1024\" src=\"https:\/\/byggbotnia.fi\/wp-content\/uploads\/2023\/09\/20200922_093230-768x1024.jpg\" class=\"attachment-large size-large wp-image-1540\" alt=\"\" srcset=\"https:\/\/byggbotnia.fi\/wp-content\/uploads\/2023\/09\/20200922_093230-768x1024.jpg 768w, https:\/\/byggbotnia.fi\/wp-content\/uploads\/2023\/09\/20200922_093230-225x300.jpg 225w, https:\/\/byggbotnia.fi\/wp-content\/uploads\/2023\/09\/20200922_093230-1152x1536.jpg 1152w, https:\/\/byggbotnia.fi\/wp-content\/uploads\/2023\/09\/20200922_093230-1536x2048.jpg 1536w, https:\/\/byggbotnia.fi\/wp-content\/uploads\/2023\/09\/20200922_093230-9x12.jpg 9w, https:\/\/byggbotnia.fi\/wp-content\/uploads\/2023\/09\/20200922_093230-scaled.jpg 1920w\" sizes=\"(max-width: 768px) 100vw, 768px\" \/>\t\t\t\t\t\t\t\t\t\t\t\t\t\t\t<\/div>\n\t\t\t\t<\/div>\n\t\t\t\t\t<\/div>\n\t\t<\/div>\n\t\t\t\t\t<\/div>\n\t\t<\/section>\n\t\t\t\t<\/div>","protected":false},"excerpt":{"rendered":"<p>Elementplanering Planeringen omfattar alla elementkonstruktioner fr\u00e5n sockel-, v\u00e4ggelement till pelare och balkar. Vi har bred erfarenhet av betongkonstruktioner. Bland annat har vi planerat betongelementen till fem-v\u00e5ningshus, kontorsbyggnader och hallar. Som hj\u00e4lp till planeringen anv\u00e4nder vi oss av BIM-modellering vilket g\u00f6r det m\u00f6jligt att se konstruktionen i 3D.<\/p>","protected":false},"author":1,"featured_media":0,"parent":0,"menu_order":0,"comment_status":"closed","ping_status":"closed","template":"","meta":{"_monsterinsights_skip_tracking":false,"_monsterinsights_sitenote_active":false,"_monsterinsights_sitenote_note":"","_monsterinsights_sitenote_category":0,"site-sidebar-layout":"no-sidebar","site-content-layout":"page-builder","ast-site-content-layout":"full-width-container","site-content-style":"unboxed","site-sidebar-style":"unboxed","ast-global-header-display":"","ast-banner-title-visibility":"","ast-main-header-display":"","ast-hfb-above-header-display":"","ast-hfb-below-header-display":"","ast-hfb-mobile-header-display":"","site-post-title":"disabled","ast-breadcrumbs-content":"","ast-featured-img":"disabled","footer-sml-layout":"","ast-disable-related-posts":"","theme-transparent-header-meta":"default","adv-header-id-meta":"","stick-header-meta":"","header-above-stick-meta":"","header-main-stick-meta":"","header-below-stick-meta":"","astra-migrate-meta-layouts":"set","ast-page-background-enabled":"default","ast-page-background-meta":{"desktop":{"background-color":"","background-image":"","background-repeat":"repeat","background-position":"center center","background-size":"auto","background-attachment":"scroll","background-type":"","background-media":"","overlay-type":"","overlay-color":"","overlay-opacity":"","overlay-gradient":""},"tablet":{"background-color":"","background-image":"","background-repeat":"repeat","background-position":"center center","background-size":"auto","background-attachment":"scroll","background-type":"","background-media":"","overlay-type":"","overlay-color":"","overlay-opacity":"","overlay-gradient":""},"mobile":{"background-color":"","background-image":"","background-repeat":"repeat","background-position":"center center","background-size":"auto","background-attachment":"scroll","background-type":"","background-media":"","overlay-type":"","overlay-color":"","overlay-opacity":"","overlay-gradient":""}},"ast-content-background-meta":{"desktop":{"background-color":"var(--ast-global-color-5)","background-image":"","background-repeat":"repeat","background-position":"center center","background-size":"auto","background-attachment":"scroll","background-type":"","background-media":"","overlay-type":"","overlay-color":"","overlay-opacity":"","overlay-gradient":""},"tablet":{"background-color":"var(--ast-global-color-5)","background-image":"","background-repeat":"repeat","background-position":"center center","background-size":"auto","background-attachment":"scroll","background-type":"","background-media":"","overlay-type":"","overlay-color":"","overlay-opacity":"","overlay-gradient":""},"mobile":{"background-color":"var(--ast-global-color-5)","background-image":"","background-repeat":"repeat","background-position":"center center","background-size":"auto","background-attachment":"scroll","background-type":"","background-media":"","overlay-type":"","overlay-color":"","overlay-opacity":"","overlay-gradient":""}},"footnotes":""},"class_list":["post-814","page","type-page","status-publish","hentry"],"aioseo_notices":[],"_links":{"self":[{"href":"https:\/\/byggbotnia.fi\/fi\/wp-json\/wp\/v2\/pages\/814","targetHints":{"allow":["GET"]}}],"collection":[{"href":"https:\/\/byggbotnia.fi\/fi\/wp-json\/wp\/v2\/pages"}],"about":[{"href":"https:\/\/byggbotnia.fi\/fi\/wp-json\/wp\/v2\/types\/page"}],"author":[{"embeddable":true,"href":"https:\/\/byggbotnia.fi\/fi\/wp-json\/wp\/v2\/users\/1"}],"replies":[{"embeddable":true,"href":"https:\/\/byggbotnia.fi\/fi\/wp-json\/wp\/v2\/comments?post=814"}],"version-history":[{"count":12,"href":"https:\/\/byggbotnia.fi\/fi\/wp-json\/wp\/v2\/pages\/814\/revisions"}],"predecessor-version":[{"id":1560,"href":"https:\/\/byggbotnia.fi\/fi\/wp-json\/wp\/v2\/pages\/814\/revisions\/1560"}],"wp:attachment":[{"href":"https:\/\/byggbotnia.fi\/fi\/wp-json\/wp\/v2\/media?parent=814"}],"curies":[{"name":"wp","href":"https:\/\/api.w.org\/{rel}","templated":true}]}}