{"id":809,"date":"2020-12-12T19:12:00","date_gmt":"2020-12-12T17:12:00","guid":{"rendered":"https:\/\/byggbotnia.fi\/?page_id=809"},"modified":"2020-12-12T19:12:49","modified_gmt":"2020-12-12T17:12:49","slug":"handlingar","status":"publish","type":"page","link":"https:\/\/byggbotnia.fi\/fi\/handlingar\/","title":{"rendered":"Asiakirjat"},"content":{"rendered":"<div data-elementor-type=\"wp-page\" data-elementor-id=\"809\" class=\"elementor elementor-809\">\n\t\t\t\t\t\t<section class=\"elementor-section elementor-top-section elementor-element elementor-element-1c99c507 elementor-section-content-middle elementor-section-boxed elementor-section-height-default elementor-section-height-default\" data-id=\"1c99c507\" data-element_type=\"section\" data-e-type=\"section\" data-settings=\"{&quot;background_background&quot;:&quot;classic&quot;}\">\n\t\t\t\t\t\t<div class=\"elementor-container elementor-column-gap-no\">\n\t\t\t\t\t<div class=\"elementor-column elementor-col-50 elementor-top-column elementor-element elementor-element-6ab72ef6\" data-id=\"6ab72ef6\" data-element_type=\"column\" data-e-type=\"column\">\n\t\t\t<div class=\"elementor-widget-wrap elementor-element-populated\">\n\t\t\t\t\t\t<div class=\"elementor-element elementor-element-458f36a5 elementor-widget elementor-widget-heading\" data-id=\"458f36a5\" data-element_type=\"widget\" data-e-type=\"widget\" data-widget_type=\"heading.default\">\n\t\t\t\t<div class=\"elementor-widget-container\">\n\t\t\t\t\t<h2 class=\"elementor-heading-title elementor-size-default\">Asiakirjat<\/h2>\t\t\t\t<\/div>\n\t\t\t\t<\/div>\n\t\t\t\t<div class=\"elementor-element elementor-element-1c0e15d4 elementor-widget elementor-widget-text-editor\" data-id=\"1c0e15d4\" data-element_type=\"widget\" data-e-type=\"widget\" data-widget_type=\"text-editor.default\">\n\t\t\t\t<div class=\"elementor-widget-container\">\n\t\t\t\t\t\t\t\t\t<p>Beh\u00f6ver du ans\u00f6ka om st\u00f6d f\u00f6r byggande av ekonomibyggnader? F\u00f6r v\u00e4xthus, maskin-, lagerhallar eller dylik? Vi utf\u00f6r sm\u00e5 som stora kostnadskalkyler, byggs\u00e4ttsbeskrivningar. Vi har m\u00e4ngder av data p\u00e5 priser f\u00f6r material och kan effektivt f\u00e5 ihop en uppskattad kostnadskalkyl f\u00f6r ert projekt.<\/p><p>Vill du veta vad ditt projekt ungef\u00e4r kommer att kosta? Vi bist\u00e5r ocks\u00e5 med noggrannare kostnadsber\u00e4kningar f\u00f6r egenhemshus, hallar och markarbeten.<\/p><p>Vi kan ocks\u00e5 framst\u00e4lla r\u00e4ddningsplaner till ert projekt. En r\u00e4ddningsplan beh\u00f6vs f\u00f6r byggnader d\u00e4r r\u00e4ddningsverksamheten anses mera kr\u00e4vande eller vid en eventuell olycka kan ha st\u00f6rre p\u00e5f\u00f6ljder. Exempel p\u00e5 byggnader som \u00e4r i behov av en r\u00e4ddningsplan \u00e4r aff\u00e4rslokaler, v\u00e4xthus, fabriker eller lokal med m\u00e5nga anst\u00e4llda.<\/p>\t\t\t\t\t\t\t\t<\/div>\n\t\t\t\t<\/div>\n\t\t\t\t\t<\/div>\n\t\t<\/div>\n\t\t\t\t<div class=\"elementor-column elementor-col-50 elementor-top-column elementor-element elementor-element-49c5ca3b\" data-id=\"49c5ca3b\" data-element_type=\"column\" data-e-type=\"column\">\n\t\t\t<div class=\"elementor-widget-wrap elementor-element-populated\">\n\t\t\t\t\t\t<div class=\"elementor-element elementor-element-41c9a9d3 elementor-widget elementor-widget-image\" data-id=\"41c9a9d3\" data-element_type=\"widget\" data-e-type=\"widget\" data-widget_type=\"image.default\">\n\t\t\t\t<div class=\"elementor-widget-container\">\n\t\t\t\t\t\t\t\t\t\t\t\t\t\t\t<img fetchpriority=\"high\" decoding=\"async\" width=\"1280\" height=\"960\" src=\"https:\/\/byggbotnia.fi\/wp-content\/uploads\/2020\/12\/construction-build-scaffold-1210677.jpg\" class=\"attachment-full size-full wp-image-799\" alt=\"construction, build, scaffold\" srcset=\"https:\/\/byggbotnia.fi\/wp-content\/uploads\/2020\/12\/construction-build-scaffold-1210677.jpg 1280w, https:\/\/byggbotnia.fi\/wp-content\/uploads\/2020\/12\/construction-build-scaffold-1210677-300x225.jpg 300w, https:\/\/byggbotnia.fi\/wp-content\/uploads\/2020\/12\/construction-build-scaffold-1210677-1024x768.jpg 1024w, https:\/\/byggbotnia.fi\/wp-content\/uploads\/2020\/12\/construction-build-scaffold-1210677-768x576.jpg 768w\" sizes=\"(max-width: 1280px) 100vw, 1280px\" \/>\t\t\t\t\t\t\t\t\t\t\t\t\t\t\t<\/div>\n\t\t\t\t<\/div>\n\t\t\t\t\t<\/div>\n\t\t<\/div>\n\t\t\t\t\t<\/div>\n\t\t<\/section>\n\t\t\t\t<\/div>","protected":false},"excerpt":{"rendered":"<p>Handlingar Beh\u00f6ver du ans\u00f6ka om st\u00f6d f\u00f6r byggande av ekonomibyggnader? F\u00f6r v\u00e4xthus, maskin-, lagerhallar eller dylik? Vi utf\u00f6r sm\u00e5 som stora kostnadskalkyler, byggs\u00e4ttsbeskrivningar. Vi har m\u00e4ngder av data p\u00e5 priser f\u00f6r material och kan effektivt f\u00e5 ihop en uppskattad kostnadskalkyl f\u00f6r ert projekt. Vill du veta vad ditt projekt ungef\u00e4r kommer att kosta? Vi bist\u00e5r [&hellip;]<\/p>\n","protected":false},"author":1,"featured_media":0,"parent":0,"menu_order":0,"comment_status":"closed","ping_status":"closed","template":"","meta":{"_monsterinsights_skip_tracking":false,"_monsterinsights_sitenote_active":false,"_monsterinsights_sitenote_note":"","_monsterinsights_sitenote_category":0,"site-sidebar-layout":"no-sidebar","site-content-layout":"page-builder","ast-site-content-layout":"default","site-content-style":"default","site-sidebar-style":"default","ast-global-header-display":"","ast-banner-title-visibility":"","ast-main-header-display":"","ast-hfb-above-header-display":"","ast-hfb-below-header-display":"","ast-hfb-mobile-header-display":"","site-post-title":"disabled","ast-breadcrumbs-content":"","ast-featured-img":"disabled","footer-sml-layout":"","ast-disable-related-posts":"","theme-transparent-header-meta":"default","adv-header-id-meta":"","stick-header-meta":"","header-above-stick-meta":"","header-main-stick-meta":"","header-below-stick-meta":"","astra-migrate-meta-layouts":"default","ast-page-background-enabled":"default","ast-page-background-meta":{"desktop":{"background-color":"","background-image":"","background-repeat":"repeat","background-position":"center center","background-size":"auto","background-attachment":"scroll","background-type":"","background-media":"","overlay-type":"","overlay-color":"","overlay-opacity":"","overlay-gradient":""},"tablet":{"background-color":"","background-image":"","background-repeat":"repeat","background-position":"center center","background-size":"auto","background-attachment":"scroll","background-type":"","background-media":"","overlay-type":"","overlay-color":"","overlay-opacity":"","overlay-gradient":""},"mobile":{"background-color":"","background-image":"","background-repeat":"repeat","background-position":"center center","background-size":"auto","background-attachment":"scroll","background-type":"","background-media":"","overlay-type":"","overlay-color":"","overlay-opacity":"","overlay-gradient":""}},"ast-content-background-meta":{"desktop":{"background-color":"var(--ast-global-color-5)","background-image":"","background-repeat":"repeat","background-position":"center center","background-size":"auto","background-attachment":"scroll","background-type":"","background-media":"","overlay-type":"","overlay-color":"","overlay-opacity":"","overlay-gradient":""},"tablet":{"background-color":"var(--ast-global-color-5)","background-image":"","background-repeat":"repeat","background-position":"center center","background-size":"auto","background-attachment":"scroll","background-type":"","background-media":"","overlay-type":"","overlay-color":"","overlay-opacity":"","overlay-gradient":""},"mobile":{"background-color":"var(--ast-global-color-5)","background-image":"","background-repeat":"repeat","background-position":"center center","background-size":"auto","background-attachment":"scroll","background-type":"","background-media":"","overlay-type":"","overlay-color":"","overlay-opacity":"","overlay-gradient":""}},"footnotes":""},"class_list":["post-809","page","type-page","status-publish","hentry"],"aioseo_notices":[],"_links":{"self":[{"href":"https:\/\/byggbotnia.fi\/fi\/wp-json\/wp\/v2\/pages\/809","targetHints":{"allow":["GET"]}}],"collection":[{"href":"https:\/\/byggbotnia.fi\/fi\/wp-json\/wp\/v2\/pages"}],"about":[{"href":"https:\/\/byggbotnia.fi\/fi\/wp-json\/wp\/v2\/types\/page"}],"author":[{"embeddable":true,"href":"https:\/\/byggbotnia.fi\/fi\/wp-json\/wp\/v2\/users\/1"}],"replies":[{"embeddable":true,"href":"https:\/\/byggbotnia.fi\/fi\/wp-json\/wp\/v2\/comments?post=809"}],"version-history":[{"count":4,"href":"https:\/\/byggbotnia.fi\/fi\/wp-json\/wp\/v2\/pages\/809\/revisions"}],"predecessor-version":[{"id":813,"href":"https:\/\/byggbotnia.fi\/fi\/wp-json\/wp\/v2\/pages\/809\/revisions\/813"}],"wp:attachment":[{"href":"https:\/\/byggbotnia.fi\/fi\/wp-json\/wp\/v2\/media?parent=809"}],"curies":[{"name":"wp","href":"https:\/\/api.w.org\/{rel}","templated":true}]}}