{"id":789,"date":"2020-12-12T19:00:20","date_gmt":"2020-12-12T17:00:20","guid":{"rendered":"https:\/\/byggbotnia.fi\/?page_id=789"},"modified":"2023-09-08T18:39:33","modified_gmt":"2023-09-08T15:39:33","slug":"skisser","status":"publish","type":"page","link":"https:\/\/byggbotnia.fi\/fi\/skisser\/","title":{"rendered":"Luonnokset"},"content":{"rendered":"<div data-elementor-type=\"wp-page\" data-elementor-id=\"789\" class=\"elementor elementor-789\">\n\t\t\t\t\t\t<section class=\"elementor-section elementor-top-section elementor-element elementor-element-1cdb3fed elementor-section-content-middle elementor-section-boxed elementor-section-height-default elementor-section-height-default\" data-id=\"1cdb3fed\" data-element_type=\"section\" data-e-type=\"section\" data-settings=\"{&quot;background_background&quot;:&quot;classic&quot;}\">\n\t\t\t\t\t\t<div class=\"elementor-container elementor-column-gap-no\">\n\t\t\t\t\t<div class=\"elementor-column elementor-col-50 elementor-top-column elementor-element elementor-element-5d2c99f1\" data-id=\"5d2c99f1\" data-element_type=\"column\" data-e-type=\"column\">\n\t\t\t<div class=\"elementor-widget-wrap elementor-element-populated\">\n\t\t\t\t\t\t<div class=\"elementor-element elementor-element-5b361046 elementor-widget elementor-widget-heading\" data-id=\"5b361046\" data-element_type=\"widget\" data-e-type=\"widget\" data-widget_type=\"heading.default\">\n\t\t\t\t<div class=\"elementor-widget-container\">\n\t\t\t\t\t<h2 class=\"elementor-heading-title elementor-size-default\">Luonnokset<\/h2>\t\t\t\t<\/div>\n\t\t\t\t<\/div>\n\t\t\t\t<div class=\"elementor-element elementor-element-55ed474c elementor-widget elementor-widget-text-editor\" data-id=\"55ed474c\" data-element_type=\"widget\" data-e-type=\"widget\" data-widget_type=\"text-editor.default\">\n\t\t\t\t<div class=\"elementor-widget-container\">\n\t\t\t\t\t\t\t\t\t<p>Oletko ep\u00e4varma mit\u00e4 haluat? Voimme auttaa toteuttamaan ideasi, nopeasti tuottamalla luonnoksia ja neuvomalla. Esimerkiksi luomalla 3D-mallinnus projektistasi jotta saat asiakkaana yleiskuvan siit\u00e4, milt\u00e4 rakennus tulee n\u00e4ytt\u00e4m\u00e4\u00e4n.<\/p>\t\t\t\t\t\t\t\t<\/div>\n\t\t\t\t<\/div>\n\t\t\t\t\t<\/div>\n\t\t<\/div>\n\t\t\t\t<div class=\"elementor-column elementor-col-50 elementor-top-column elementor-element elementor-element-3c63f15a\" data-id=\"3c63f15a\" data-element_type=\"column\" data-e-type=\"column\">\n\t\t\t<div class=\"elementor-widget-wrap elementor-element-populated\">\n\t\t\t\t\t\t<div class=\"elementor-element elementor-element-1f749678 elementor-widget elementor-widget-image\" data-id=\"1f749678\" data-element_type=\"widget\" data-e-type=\"widget\" data-widget_type=\"image.default\">\n\t\t\t\t<div class=\"elementor-widget-container\">\n\t\t\t\t\t\t\t\t\t\t\t\t\t\t\t<img fetchpriority=\"high\" decoding=\"async\" width=\"1024\" height=\"635\" src=\"https:\/\/byggbotnia.fi\/wp-content\/uploads\/2023\/09\/Skisser-YA-ingang-1024x635.png\" class=\"attachment-large size-large wp-image-1536\" alt=\"\" srcset=\"https:\/\/byggbotnia.fi\/wp-content\/uploads\/2023\/09\/Skisser-YA-ingang-1024x635.png 1024w, https:\/\/byggbotnia.fi\/wp-content\/uploads\/2023\/09\/Skisser-YA-ingang-300x186.png 300w, https:\/\/byggbotnia.fi\/wp-content\/uploads\/2023\/09\/Skisser-YA-ingang-768x476.png 768w, https:\/\/byggbotnia.fi\/wp-content\/uploads\/2023\/09\/Skisser-YA-ingang-1536x953.png 1536w, https:\/\/byggbotnia.fi\/wp-content\/uploads\/2023\/09\/Skisser-YA-ingang-18x12.png 18w, https:\/\/byggbotnia.fi\/wp-content\/uploads\/2023\/09\/Skisser-YA-ingang.png 1683w\" sizes=\"(max-width: 1024px) 100vw, 1024px\" \/>\t\t\t\t\t\t\t\t\t\t\t\t\t\t\t<\/div>\n\t\t\t\t<\/div>\n\t\t\t\t\t<\/div>\n\t\t<\/div>\n\t\t\t\t\t<\/div>\n\t\t<\/section>\n\t\t\t\t<\/div>","protected":false},"excerpt":{"rendered":"<p>Skisser \u00c4r du os\u00e4ker p\u00e5 vad du vill ha? Vi kan hj\u00e4lpa till med att f\u00f6rvekliga era id\u00e9er genom att snabbt framst\u00e4lla skisser och komma med r\u00e5d. Till exempel genom att skapa en 3D-rendering av ert projekt. S\u00e5 att du som kund f\u00e5r en \u00f6verblivande blick hur projektet kommer att se ut.<\/p>","protected":false},"author":1,"featured_media":0,"parent":0,"menu_order":0,"comment_status":"closed","ping_status":"closed","template":"","meta":{"_monsterinsights_skip_tracking":false,"_monsterinsights_sitenote_active":false,"_monsterinsights_sitenote_note":"","_monsterinsights_sitenote_category":0,"site-sidebar-layout":"no-sidebar","site-content-layout":"page-builder","ast-site-content-layout":"default","site-content-style":"default","site-sidebar-style":"default","ast-global-header-display":"","ast-banner-title-visibility":"","ast-main-header-display":"","ast-hfb-above-header-display":"","ast-hfb-below-header-display":"","ast-hfb-mobile-header-display":"","site-post-title":"disabled","ast-breadcrumbs-content":"","ast-featured-img":"disabled","footer-sml-layout":"","ast-disable-related-posts":"","theme-transparent-header-meta":"default","adv-header-id-meta":"","stick-header-meta":"","header-above-stick-meta":"","header-main-stick-meta":"","header-below-stick-meta":"","astra-migrate-meta-layouts":"default","ast-page-background-enabled":"default","ast-page-background-meta":{"desktop":{"background-color":"","background-image":"","background-repeat":"repeat","background-position":"center center","background-size":"auto","background-attachment":"scroll","background-type":"","background-media":"","overlay-type":"","overlay-color":"","overlay-opacity":"","overlay-gradient":""},"tablet":{"background-color":"","background-image":"","background-repeat":"repeat","background-position":"center center","background-size":"auto","background-attachment":"scroll","background-type":"","background-media":"","overlay-type":"","overlay-color":"","overlay-opacity":"","overlay-gradient":""},"mobile":{"background-color":"","background-image":"","background-repeat":"repeat","background-position":"center center","background-size":"auto","background-attachment":"scroll","background-type":"","background-media":"","overlay-type":"","overlay-color":"","overlay-opacity":"","overlay-gradient":""}},"ast-content-background-meta":{"desktop":{"background-color":"var(--ast-global-color-5)","background-image":"","background-repeat":"repeat","background-position":"center center","background-size":"auto","background-attachment":"scroll","background-type":"","background-media":"","overlay-type":"","overlay-color":"","overlay-opacity":"","overlay-gradient":""},"tablet":{"background-color":"var(--ast-global-color-5)","background-image":"","background-repeat":"repeat","background-position":"center center","background-size":"auto","background-attachment":"scroll","background-type":"","background-media":"","overlay-type":"","overlay-color":"","overlay-opacity":"","overlay-gradient":""},"mobile":{"background-color":"var(--ast-global-color-5)","background-image":"","background-repeat":"repeat","background-position":"center center","background-size":"auto","background-attachment":"scroll","background-type":"","background-media":"","overlay-type":"","overlay-color":"","overlay-opacity":"","overlay-gradient":""}},"footnotes":""},"class_list":["post-789","page","type-page","status-publish","hentry"],"aioseo_notices":[],"_links":{"self":[{"href":"https:\/\/byggbotnia.fi\/fi\/wp-json\/wp\/v2\/pages\/789","targetHints":{"allow":["GET"]}}],"collection":[{"href":"https:\/\/byggbotnia.fi\/fi\/wp-json\/wp\/v2\/pages"}],"about":[{"href":"https:\/\/byggbotnia.fi\/fi\/wp-json\/wp\/v2\/types\/page"}],"author":[{"embeddable":true,"href":"https:\/\/byggbotnia.fi\/fi\/wp-json\/wp\/v2\/users\/1"}],"replies":[{"embeddable":true,"href":"https:\/\/byggbotnia.fi\/fi\/wp-json\/wp\/v2\/comments?post=789"}],"version-history":[{"count":14,"href":"https:\/\/byggbotnia.fi\/fi\/wp-json\/wp\/v2\/pages\/789\/revisions"}],"predecessor-version":[{"id":1539,"href":"https:\/\/byggbotnia.fi\/fi\/wp-json\/wp\/v2\/pages\/789\/revisions\/1539"}],"wp:attachment":[{"href":"https:\/\/byggbotnia.fi\/fi\/wp-json\/wp\/v2\/media?parent=789"}],"curies":[{"name":"wp","href":"https:\/\/api.w.org\/{rel}","templated":true}]}}