{"id":3,"date":"2020-11-14T14:35:21","date_gmt":"2020-11-14T13:35:21","guid":{"rendered":"https:\/\/byggbotnia.fi\/?page_id=3"},"modified":"2021-12-14T20:06:56","modified_gmt":"2021-12-14T18:06:56","slug":"integritetspolicy","status":"publish","type":"page","link":"https:\/\/byggbotnia.fi\/fi\/integritetspolicy\/","title":{"rendered":"Integritetspolicy"},"content":{"rendered":"<h2 class=\"wp-block-heading\">GDPR dataskyddsbeskrivning<\/h2>\n\n\n\n<p>Vi p\u00e5 Oy Byggbotnia Ab anser att det \u00e4r viktigt att alla som bes\u00f6ker denna webbsida \u00e4r medvetna om sekretessen betr\u00e4ffande insamlingen av bes\u00f6ksdata och person-\/f\u00f6retagsuppgifter via kontaktformul\u00e4ret. Data g\u00e4llande bes\u00f6kare anv\u00e4nds endast f\u00f6r uppf\u00f6ljning till vilken nation denne h\u00f6r och antalet bes\u00f6kare. Vi samlar s\u00e5v\u00e4l inga personspecifika uppgifter om bes\u00f6karna utan endast om denne i fr\u00e5ga anv\u00e4nder sig av kontaktformul\u00e4ret. De uppgifter som samlas in via kontaktformul\u00e4ret h\u00f6r endast de som anv\u00e4ndaren fyller i sj\u00e4lvmant.<\/p>\n\n\n\n<h3 class=\"wp-block-heading\"><strong>Personuppgiftsansvarig<\/strong><\/h3>\n\n\n\n<p>Oy Byggbotnia Ab<\/p>\n\n\n\n<p>N\u00e4rpesv\u00e4gen 19, 64200 N\u00e4rpes Finland<\/p>\n\n\n\n<p>Info(a)byggbotnia.fi<\/p>\n\n\n\n<p>0105 019 840<\/p>\n\n\n\n<p>FO-nummer: 0696487-1<\/p>\n\n\n\n<h3 class=\"wp-block-heading\"><strong>Personregistrets namn<\/strong><\/h3>\n\n\n\n<p>Oy Byggbotnia Ab:s kundregister<\/p>\n\n\n\n<h3 class=\"wp-block-heading\"><strong>Avsikten med behandling av persondata<\/strong><\/h3>\n\n\n\n<p>F\u00f6r att kunna f\u00f6lja upp antalet bes\u00f6kare och till vilken nation denne h\u00f6r. Om en bes\u00f6kare l\u00e4mnar uppgifter via kontaktformul\u00e4ret till oss anv\u00e4nds dem endast till den av kunden anm\u00e4lda verksamheten. Den givna Informationen anv\u00e4nds endast inom f\u00f6retaget<\/p>\n\n\n\n<h3 class=\"wp-block-heading\"><strong>Uppgifter som registreras<\/strong><\/h3>\n\n\n\n<p>Kontaktpersonens\/f\u00f6retagets namn<\/p>\n\n\n\n<p>Epost adress<\/p>\n\n\n\n<p>\u00c4mne<\/p>\n\n\n\n<p>Meddelande, uppgifter om den best\u00e4llda tj\u00e4nsten<\/p>\n\n\n\n<h3 class=\"wp-block-heading\">Kakor<\/h3>\n\n\n\n<p>En kaka s\u00e5 kallad \u201dcookie\u201d av engelskans fackspr\u00e5k \u00e4r en liten textfil som skapas av anv\u00e4ndarens webbl\u00e4sare med information kopplad den specifika webbsidan. Kakor anv\u00e4nds f\u00f6r insamling av data av bes\u00f6kare exempelvis persondata ut\u00f6ver vad hen bes\u00f6ker, tid och plats. Avsikten med dessa kakor \u00e4r f\u00f6r att kunna analysera anv\u00e4ndningen av den specifika webbsida. Vi p\u00e5 Oy Byggbotnia Ab anv\u00e4nder oss inte av kakor och varken samlar eller lagrar inga s\u00e5dana uppgifter. Den data vi anv\u00e4nder oss av \u00e4r endast den bes\u00f6karen l\u00e4mnar till oss via kontaktformul\u00e4ret.<\/p>\n\n\n\n<h3 class=\"wp-block-heading\">Externa kakor\/Google Analytics<\/h3>\n\n\n\n<p>Vi f\u00f6ljer med bes\u00f6karens nation och antalet bes\u00f6kare tilll v\u00e5r hemsida med hj\u00e4lp av Google Analytics. Denna tj\u00e4nst samlar endast in den information vi har beg\u00e4rt. Avsikten med denna \u00e4r f\u00f6r att kunna analysera bes\u00f6kskretsen som anv\u00e4nder webbsidan.<\/p>\n\n\n\n<h3 class=\"wp-block-heading\">\u00d6verf\u00f6ring av uppgifter utanf\u00f6r EU eller EES<\/h3>\n\n\n\n<p>Oy Byggbotnia Ab:s kundregisteruppgifter \u00f6verf\u00f6rs inte utanf\u00f6r EU eller EES.<\/p>\n\n\n\n<h3 class=\"wp-block-heading\"><strong>\u00d6verl\u00e5telse av personuppgifter<\/strong><\/h3>\n\n\n\n<p>Uppgifter \u00f6verl\u00e5ts inte.<\/p>\n\n\n\n<h3 class=\"wp-block-heading\"><strong>Registerskyddet<\/strong><\/h3>\n\n\n\n<p>Oy Byggbotnia Ab har ett digitalt kundregister. Anv\u00e4ndningen \u00e4r skyddat av det egna intran\u00e4tet, l\u00f6senord och anv\u00e4ndarr\u00e4ttigheter. Behandlingen av kunduppgfiterna sker alltid under tystnadsplikt.<\/p>\n\n\n\n<h3 class=\"wp-block-heading\"><strong>R\u00e4tt att granska uppgifter<\/strong><\/h3>\n\n\n\n<p>Oy Byggbotnia Ab:s kunder och samarbetspartner har med r\u00e4ttighet att kunna granska och korrigera de uppgifter som ber\u00f6r dem sj\u00e4lva. Kunden har ocks\u00e5 r\u00e4ttighet att f\u00e5 f\u00f6rbjuda anv\u00e4ndningen i marknadsf\u00f6rings- och reklamsyfte samt kunna s\u00e4kerhetsst\u00e4lla att egna r\u00e4ttigheter \u00e4r i och med personuppgiftslagen.<\/p>","protected":false},"excerpt":{"rendered":"<p>GDPR dataskyddsbeskrivning Vi p\u00e5 Oy Byggbotnia Ab anser att det \u00e4r viktigt att alla som bes\u00f6ker denna webbsida \u00e4r medvetna om sekretessen betr\u00e4ffande insamlingen av bes\u00f6ksdata och person-\/f\u00f6retagsuppgifter via kontaktformul\u00e4ret. Data g\u00e4llande bes\u00f6kare anv\u00e4nds endast f\u00f6r uppf\u00f6ljning till vilken nation denne h\u00f6r och antalet bes\u00f6kare. Vi samlar s\u00e5v\u00e4l inga personspecifika uppgifter om bes\u00f6karna utan endast [&hellip;]<\/p>\n","protected":false},"author":1,"featured_media":0,"parent":0,"menu_order":0,"comment_status":"closed","ping_status":"open","template":"","meta":{"_monsterinsights_skip_tracking":false,"_monsterinsights_sitenote_active":false,"_monsterinsights_sitenote_note":"","_monsterinsights_sitenote_category":0,"site-sidebar-layout":"default","site-content-layout":"default","ast-site-content-layout":"default","site-content-style":"default","site-sidebar-style":"default","ast-global-header-display":"","ast-banner-title-visibility":"","ast-main-header-display":"","ast-hfb-above-header-display":"","ast-hfb-below-header-display":"","ast-hfb-mobile-header-display":"","site-post-title":"","ast-breadcrumbs-content":"","ast-featured-img":"","footer-sml-layout":"","ast-disable-related-posts":"","theme-transparent-header-meta":"default","adv-header-id-meta":"","stick-header-meta":"","header-above-stick-meta":"","header-main-stick-meta":"","header-below-stick-meta":"","astra-migrate-meta-layouts":"default","ast-page-background-enabled":"default","ast-page-background-meta":{"desktop":{"background-color":"","background-image":"","background-repeat":"repeat","background-position":"center center","background-size":"auto","background-attachment":"scroll","background-type":"","background-media":"","overlay-type":"","overlay-color":"","overlay-opacity":"","overlay-gradient":""},"tablet":{"background-color":"","background-image":"","background-repeat":"repeat","background-position":"center center","background-size":"auto","background-attachment":"scroll","background-type":"","background-media":"","overlay-type":"","overlay-color":"","overlay-opacity":"","overlay-gradient":""},"mobile":{"background-color":"","background-image":"","background-repeat":"repeat","background-position":"center center","background-size":"auto","background-attachment":"scroll","background-type":"","background-media":"","overlay-type":"","overlay-color":"","overlay-opacity":"","overlay-gradient":""}},"ast-content-background-meta":{"desktop":{"background-color":"var(--ast-global-color-5)","background-image":"","background-repeat":"repeat","background-position":"center center","background-size":"auto","background-attachment":"scroll","background-type":"","background-media":"","overlay-type":"","overlay-color":"","overlay-opacity":"","overlay-gradient":""},"tablet":{"background-color":"var(--ast-global-color-5)","background-image":"","background-repeat":"repeat","background-position":"center center","background-size":"auto","background-attachment":"scroll","background-type":"","background-media":"","overlay-type":"","overlay-color":"","overlay-opacity":"","overlay-gradient":""},"mobile":{"background-color":"var(--ast-global-color-5)","background-image":"","background-repeat":"repeat","background-position":"center center","background-size":"auto","background-attachment":"scroll","background-type":"","background-media":"","overlay-type":"","overlay-color":"","overlay-opacity":"","overlay-gradient":""}},"footnotes":""},"class_list":["post-3","page","type-page","status-publish","hentry"],"aioseo_notices":[],"_links":{"self":[{"href":"https:\/\/byggbotnia.fi\/fi\/wp-json\/wp\/v2\/pages\/3","targetHints":{"allow":["GET"]}}],"collection":[{"href":"https:\/\/byggbotnia.fi\/fi\/wp-json\/wp\/v2\/pages"}],"about":[{"href":"https:\/\/byggbotnia.fi\/fi\/wp-json\/wp\/v2\/types\/page"}],"author":[{"embeddable":true,"href":"https:\/\/byggbotnia.fi\/fi\/wp-json\/wp\/v2\/users\/1"}],"replies":[{"embeddable":true,"href":"https:\/\/byggbotnia.fi\/fi\/wp-json\/wp\/v2\/comments?post=3"}],"version-history":[{"count":2,"href":"https:\/\/byggbotnia.fi\/fi\/wp-json\/wp\/v2\/pages\/3\/revisions"}],"predecessor-version":[{"id":1037,"href":"https:\/\/byggbotnia.fi\/fi\/wp-json\/wp\/v2\/pages\/3\/revisions\/1037"}],"wp:attachment":[{"href":"https:\/\/byggbotnia.fi\/fi\/wp-json\/wp\/v2\/media?parent=3"}],"curies":[{"name":"wp","href":"https:\/\/api.w.org\/{rel}","templated":true}]}}