{"id":1567,"date":"2023-09-08T19:39:02","date_gmt":"2023-09-08T16:39:02","guid":{"rendered":"https:\/\/byggbotnia.fi\/?page_id=1567"},"modified":"2023-09-08T19:45:06","modified_gmt":"2023-09-08T16:45:06","slug":"betongkonstruktion","status":"publish","type":"page","link":"https:\/\/byggbotnia.fi\/fi\/betongkonstruktion\/","title":{"rendered":"Betongkonstruktion"},"content":{"rendered":"<div data-elementor-type=\"wp-page\" data-elementor-id=\"1567\" class=\"elementor elementor-1567\">\n\t\t\t\t\t\t<section class=\"elementor-section elementor-top-section elementor-element elementor-element-649ffb7e elementor-section-content-middle elementor-section-boxed elementor-section-height-default elementor-section-height-default\" data-id=\"649ffb7e\" data-element_type=\"section\" data-e-type=\"section\" data-settings=\"{&quot;background_background&quot;:&quot;classic&quot;}\">\n\t\t\t\t\t\t<div class=\"elementor-container elementor-column-gap-no\">\n\t\t\t\t\t<div class=\"elementor-column elementor-col-50 elementor-top-column elementor-element elementor-element-155a6554\" data-id=\"155a6554\" data-element_type=\"column\" data-e-type=\"column\">\n\t\t\t<div class=\"elementor-widget-wrap elementor-element-populated\">\n\t\t\t\t\t\t<div class=\"elementor-element elementor-element-4dc70958 elementor-widget elementor-widget-heading\" data-id=\"4dc70958\" data-element_type=\"widget\" data-e-type=\"widget\" data-widget_type=\"heading.default\">\n\t\t\t\t<div class=\"elementor-widget-container\">\n\t\t\t\t\t<h2 class=\"elementor-heading-title elementor-size-default\">Betongkonstruktion<\/h2>\t\t\t\t<\/div>\n\t\t\t\t<\/div>\n\t\t\t\t<div class=\"elementor-element elementor-element-f23bea6 elementor-widget elementor-widget-text-editor\" data-id=\"f23bea6\" data-element_type=\"widget\" data-e-type=\"widget\" data-widget_type=\"text-editor.default\">\n\t\t\t\t<div class=\"elementor-widget-container\">\n\t\t\t\t\t\t\t\t\t<p>Vi sk\u00f6ter planeringen f\u00f6r grunder, allt fr\u00e5n egnahemshus till mera kr\u00e4vande grunder. Vi anv\u00e4nder oss av GNSS-m\u00e4tinstrument f\u00f6r att underl\u00e4tta planeringen av h\u00f6jder och s\u00e5v\u00e4l se till att grundl\u00e4ggningen fungerar optimalt.<\/p><p>P\u00e5 v\u00e5rt f\u00f6retag \u00e4r vi experter p\u00e5 att ta fram betongkonstruktionsritningar som \u00e4r skr\u00e4ddarsydda efter ditt projekt. Vi \u00e4r ett dedikerat g\u00e4ng av erfarna ingenj\u00f6rer och designers som brinner f\u00f6r att hj\u00e4lpa dig bygga det du dr\u00f6mmer om. Oavsett om du ska s\u00e4tta upp en helt ny byggnad, ge liv \u00e5t en gammal genom renovering eller ut\u00f6ka n\u00e5got befintligt, s\u00e5 har vi din rygg. Vi skapar inte bara ritningar, vi skapar en fast grund f\u00f6r dina dr\u00f6mmar.<\/p>\t\t\t\t\t\t\t\t<\/div>\n\t\t\t\t<\/div>\n\t\t\t\t\t<\/div>\n\t\t<\/div>\n\t\t\t\t<div class=\"elementor-column elementor-col-50 elementor-top-column elementor-element elementor-element-4bd4ac2c\" data-id=\"4bd4ac2c\" data-element_type=\"column\" data-e-type=\"column\">\n\t\t\t<div class=\"elementor-widget-wrap elementor-element-populated\">\n\t\t\t\t\t\t<div class=\"elementor-element elementor-element-6df141f7 elementor-widget elementor-widget-image\" data-id=\"6df141f7\" data-element_type=\"widget\" data-e-type=\"widget\" data-widget_type=\"image.default\">\n\t\t\t\t<div class=\"elementor-widget-container\">\n\t\t\t\t\t\t\t\t\t\t\t\t\t\t\t<img fetchpriority=\"high\" decoding=\"async\" width=\"1280\" height=\"960\" src=\"https:\/\/byggbotnia.fi\/wp-content\/uploads\/2020\/12\/construction-build-scaffold-1210677.jpg\" class=\"attachment-full size-full wp-image-799\" alt=\"construction, build, scaffold\" srcset=\"https:\/\/byggbotnia.fi\/wp-content\/uploads\/2020\/12\/construction-build-scaffold-1210677.jpg 1280w, https:\/\/byggbotnia.fi\/wp-content\/uploads\/2020\/12\/construction-build-scaffold-1210677-300x225.jpg 300w, https:\/\/byggbotnia.fi\/wp-content\/uploads\/2020\/12\/construction-build-scaffold-1210677-1024x768.jpg 1024w, https:\/\/byggbotnia.fi\/wp-content\/uploads\/2020\/12\/construction-build-scaffold-1210677-768x576.jpg 768w\" sizes=\"(max-width: 1280px) 100vw, 1280px\" \/>\t\t\t\t\t\t\t\t\t\t\t\t\t\t\t<\/div>\n\t\t\t\t<\/div>\n\t\t\t\t\t<\/div>\n\t\t<\/div>\n\t\t\t\t\t<\/div>\n\t\t<\/section>\n\t\t\t\t<\/div>","protected":false},"excerpt":{"rendered":"<p>Betongkonstruktion Vi sk\u00f6ter planeringen f\u00f6r grunder, allt fr\u00e5n egnahemshus till mera kr\u00e4vande grunder. Vi anv\u00e4nder oss av GNSS-m\u00e4tinstrument f\u00f6r att underl\u00e4tta planeringen av h\u00f6jder och s\u00e5v\u00e4l se till att grundl\u00e4ggningen fungerar optimalt. P\u00e5 v\u00e5rt f\u00f6retag \u00e4r vi experter p\u00e5 att ta fram betongkonstruktionsritningar som \u00e4r skr\u00e4ddarsydda efter ditt projekt. Vi \u00e4r ett dedikerat g\u00e4ng av [&hellip;]<\/p>\n","protected":false},"author":1,"featured_media":0,"parent":0,"menu_order":0,"comment_status":"closed","ping_status":"closed","template":"","meta":{"_monsterinsights_skip_tracking":false,"_monsterinsights_sitenote_active":false,"_monsterinsights_sitenote_note":"","_monsterinsights_sitenote_category":0,"site-sidebar-layout":"no-sidebar","site-content-layout":"page-builder","ast-site-content-layout":"full-width-container","site-content-style":"default","site-sidebar-style":"default","ast-global-header-display":"","ast-banner-title-visibility":"","ast-main-header-display":"","ast-hfb-above-header-display":"","ast-hfb-below-header-display":"","ast-hfb-mobile-header-display":"","site-post-title":"disabled","ast-breadcrumbs-content":"","ast-featured-img":"disabled","footer-sml-layout":"","ast-disable-related-posts":"","theme-transparent-header-meta":"","adv-header-id-meta":"","stick-header-meta":"","header-above-stick-meta":"","header-main-stick-meta":"","header-below-stick-meta":"","astra-migrate-meta-layouts":"set","ast-page-background-enabled":"default","ast-page-background-meta":{"desktop":{"background-color":"","background-image":"","background-repeat":"repeat","background-position":"center center","background-size":"auto","background-attachment":"scroll","background-type":"","background-media":"","overlay-type":"","overlay-color":"","overlay-opacity":"","overlay-gradient":""},"tablet":{"background-color":"","background-image":"","background-repeat":"repeat","background-position":"center center","background-size":"auto","background-attachment":"scroll","background-type":"","background-media":"","overlay-type":"","overlay-color":"","overlay-opacity":"","overlay-gradient":""},"mobile":{"background-color":"","background-image":"","background-repeat":"repeat","background-position":"center center","background-size":"auto","background-attachment":"scroll","background-type":"","background-media":"","overlay-type":"","overlay-color":"","overlay-opacity":"","overlay-gradient":""}},"ast-content-background-meta":{"desktop":{"background-color":"var(--ast-global-color-5)","background-image":"","background-repeat":"repeat","background-position":"center center","background-size":"auto","background-attachment":"scroll","background-type":"","background-media":"","overlay-type":"","overlay-color":"","overlay-opacity":"","overlay-gradient":""},"tablet":{"background-color":"var(--ast-global-color-5)","background-image":"","background-repeat":"repeat","background-position":"center center","background-size":"auto","background-attachment":"scroll","background-type":"","background-media":"","overlay-type":"","overlay-color":"","overlay-opacity":"","overlay-gradient":""},"mobile":{"background-color":"var(--ast-global-color-5)","background-image":"","background-repeat":"repeat","background-position":"center center","background-size":"auto","background-attachment":"scroll","background-type":"","background-media":"","overlay-type":"","overlay-color":"","overlay-opacity":"","overlay-gradient":""}},"footnotes":""},"class_list":["post-1567","page","type-page","status-publish","hentry"],"aioseo_notices":[],"_links":{"self":[{"href":"https:\/\/byggbotnia.fi\/fi\/wp-json\/wp\/v2\/pages\/1567","targetHints":{"allow":["GET"]}}],"collection":[{"href":"https:\/\/byggbotnia.fi\/fi\/wp-json\/wp\/v2\/pages"}],"about":[{"href":"https:\/\/byggbotnia.fi\/fi\/wp-json\/wp\/v2\/types\/page"}],"author":[{"embeddable":true,"href":"https:\/\/byggbotnia.fi\/fi\/wp-json\/wp\/v2\/users\/1"}],"replies":[{"embeddable":true,"href":"https:\/\/byggbotnia.fi\/fi\/wp-json\/wp\/v2\/comments?post=1567"}],"version-history":[{"count":7,"href":"https:\/\/byggbotnia.fi\/fi\/wp-json\/wp\/v2\/pages\/1567\/revisions"}],"predecessor-version":[{"id":1575,"href":"https:\/\/byggbotnia.fi\/fi\/wp-json\/wp\/v2\/pages\/1567\/revisions\/1575"}],"wp:attachment":[{"href":"https:\/\/byggbotnia.fi\/fi\/wp-json\/wp\/v2\/media?parent=1567"}],"curies":[{"name":"wp","href":"https:\/\/api.w.org\/{rel}","templated":true}]}}